{"id":378,"date":"2023-07-04T22:30:12","date_gmt":"2023-07-04T20:30:12","guid":{"rendered":"https:\/\/www.sas-kabelservice.de\/?page_id=378"},"modified":"2024-03-12T12:06:04","modified_gmt":"2024-03-12T11:06:04","slug":"compliance","status":"publish","type":"page","link":"https:\/\/www.sas-kabelservice.de\/?page_id=378","title":{"rendered":"Compliance"},"content":{"rendered":"\n<p>Im Rahmen der Umsetzung unserer Compliance Strategie haben wir innerhalb der Netzkontor ein umfassendes <strong>Compliance Management System (CMS)<\/strong> zur Sicherstellung eines ethischen sowie gesetzes- und rechtskonformen Verhaltens aller Unternehmen der Netzkontor eingerichtet. Das CMS dient ebenso der Verhinderung und Pr\u00e4vention von Verst\u00f6\u00dfen.<\/p>\n\n\n\n<p>Innerhalb unseres CMS haben wir dazu insbesondere eine eigene organisatorische Compliance Struktur f\u00fcr die Netzkontor geschaffen. Die\/der <strong>Compliance-Beauftragte bzw. das Compliance Management Team (CMT)<\/strong> der Netzkontor sind f\u00fcr die Umsetzung und \u00dcberwachung unseres CMS zust\u00e4ndig. Sie stehen allen Mitarbeiter:innen, F\u00fchrungskr\u00e4ften, Gesch\u00e4ftsf\u00fchrern der jeweiligen Unternehmen der Netzkontor sowie den jeweiligen Gesch\u00e4ftspartnern (Kunden und Lieferanten usw.) jederzeit per E-Mail (Funktionspostfach: <a href=\"mailto:compliance@netzkontor.de\">compliance@netzkontor.de<\/a>) f\u00fcr alle Fragen im Zusammenhang mit Compliance-Themen zur Verf\u00fcgung.<\/p>\n\n\n\n<p>Wesentliche Pflichten, Leitlinien und Werte f\u00fcr das rechtskonforme Handeln der Netzkontor ergeben sich aus unserem <strong>Code of Conduct<\/strong>. Dieser Verhaltenskodex besteht aus einer Vielzahl von Compliance-Bestimmungen und Verhaltensvorgaben.&nbsp; Die Netzkontor hat dar\u00fcber hinaus interne Prozesse zur Risikoanalyse und f\u00fcr ein effektives Monitoring unseres CMS implementiert.<\/p>\n\n\n\n<p>Ein wesentliches Element des CMS der Netzkontor ist auch die Einrichtung eines webbasierten <strong>internen Hinweisgebersystems (vertrauliche Meldestelle)<\/strong>, die \u00fcber folgenden Link zu erreichen ist: <a href=\"https:\/\/netzkontor.interne-meldestelle.de\/\">Hinweisgebersystem (interne-meldestelle.de)<\/a> [netzkontor.interne-meldestelle.de]. Alle Mitarbeiter:innen der Unternehmen der Netzkontor sowie deren Gesch\u00e4ftspartner (Kunden und Lieferanten usw.) haben dar\u00fcber die M\u00f6glichkeit, Meldungen \u00fcber Verst\u00f6\u00dfe gegen Gesetze, den Code of Conduct und sonstige Compliance-Bestimmungen \u2013 <strong>auch vollst\u00e4ndig anonym<\/strong> \u2013 abzugeben. Entsprechende Meldungen k\u00f6nnen daneben auch per E-Mail oder Brief abgegeben werden.<\/p>\n\n\n\n<p>\u00dcber die vertrauliche Meldestelle k\u00f6nnen zudem Personen auch anonym auf <strong>Verletzungen menschenrechtsbezogener oder umweltbezogener Pflichten<\/strong> oder entsprechende Risiken hinweisen, die durch das wirtschaftliche Handeln eines Unternehmens der Netzkontor oder eines Zulieferers entstanden sind (<strong>Beschwerdeverfahren<\/strong>). Nachfolgend finden Sie den geltenden <strong>Code of Conduct<\/strong> sowie die <strong>Verfahrensordnung<\/strong> f\u00fcr das <strong>Hinweisgebersystem<\/strong> der Netzkontor (\u201eHinweisgeber-Richtlinie\u201c), die gleichzeitig die Verfahrensordnung zur Durchf\u00fchrung des <strong>Beschwerdeverfahrens nach dem Lieferkettensorgfaltspflichtengesetz<\/strong> beinhaltet.<\/p>\n\n\n\n<div class=\"is-layout-flex wp-container-3 wp-block-columns\">\n<div class=\"is-layout-flow wp-block-column\" style=\"flex-basis:100%\">\n<div class=\"is-layout-constrained wp-block-group\"><div class=\"wp-block-group__inner-container\">\n<div class=\"wp-block-file\"><object class=\"wp-block-file__embed\" data=\"https:\/\/www.sas-kabelservice.de\/wp-content\/uploads\/2024\/03\/Code_of_Conduct_Netzkontor_V21.pdf\" type=\"application\/pdf\" style=\"width:100%;height:600px\" aria-label=\"Einbettung von Code of Conduct Netzkontor.\"><\/object><a id=\"wp-block-file--media-cf01da36-85c3-4530-9a5d-3324085a54f4\" href=\"https:\/\/www.sas-kabelservice.de\/wp-content\/uploads\/2024\/03\/Code_of_Conduct_Netzkontor_V21.pdf\">Code of Conduct Netzkontor<\/a><a href=\"https:\/\/www.sas-kabelservice.de\/wp-content\/uploads\/2024\/03\/Code_of_Conduct_Netzkontor_V21.pdf\" class=\"wp-block-file__button wp-element-button\" download aria-describedby=\"wp-block-file--media-cf01da36-85c3-4530-9a5d-3324085a54f4\">Herunterladen<\/a><\/div>\n<\/div><\/div>\n<\/div>\n<\/div>\n\n\n\n<div class=\"wp-block-file\"><object class=\"wp-block-file__embed\" data=\"https:\/\/www.sas-kabelservice.de\/wp-content\/uploads\/2023\/07\/Hinweisgeberrichtlinie-und-Beschwerdeverfahren-LkSG-Netzkontor.pdf\" type=\"application\/pdf\" style=\"width:100%;height:600px\" aria-label=\"Einbettung von Hinweisgeberrichtlinie-und-Beschwerdeverfahren-LkSG-Netzkontor.\"><\/object><a id=\"wp-block-file--media-0c2ecda1-6d94-49cb-ac08-944a7f728888\" href=\"https:\/\/www.sas-kabelservice.de\/wp-content\/uploads\/2023\/07\/Hinweisgeberrichtlinie-und-Beschwerdeverfahren-LkSG-Netzkontor.pdf\">Hinweisgeberrichtlinie-und-Beschwerdeverfahren-LkSG-Netzkontor<\/a><a href=\"https:\/\/www.sas-kabelservice.de\/wp-content\/uploads\/2023\/07\/Hinweisgeberrichtlinie-und-Beschwerdeverfahren-LkSG-Netzkontor.pdf\" class=\"wp-block-file__button wp-element-button\" download aria-describedby=\"wp-block-file--media-0c2ecda1-6d94-49cb-ac08-944a7f728888\">Herunterladen<\/a><\/div>\n","protected":false},"excerpt":{"rendered":"<p>Im Rahmen der Umsetzung unserer Compliance Strategie haben wir innerhalb der Netzkontor ein umfassendes Compliance Management System (CMS) zur Sicherstellung eines ethischen sowie gesetzes- und rechtskonformen Verhaltens aller Unternehmen der Netzkontor eingerichtet. Das CMS dient ebenso der Verhinderung und Pr\u00e4vention von Verst\u00f6\u00dfen. Innerhalb unseres CMS haben wir dazu insbesondere eine eigene organisatorische Compliance Struktur f\u00fcr &hellip; <\/p>\n<p class=\"link-more\"><a href=\"https:\/\/www.sas-kabelservice.de\/?page_id=378\" class=\"more-link\"><span class=\"screen-reader-text\">\u201eCompliance\u201c <\/span>weiterlesen<\/a><\/p>\n","protected":false},"author":2,"featured_media":0,"parent":0,"menu_order":0,"comment_status":"closed","ping_status":"closed","template":"","meta":[],"_links":{"self":[{"href":"https:\/\/www.sas-kabelservice.de\/index.php?rest_route=\/wp\/v2\/pages\/378"}],"collection":[{"href":"https:\/\/www.sas-kabelservice.de\/index.php?rest_route=\/wp\/v2\/pages"}],"about":[{"href":"https:\/\/www.sas-kabelservice.de\/index.php?rest_route=\/wp\/v2\/types\/page"}],"author":[{"embeddable":true,"href":"https:\/\/www.sas-kabelservice.de\/index.php?rest_route=\/wp\/v2\/users\/2"}],"replies":[{"embeddable":true,"href":"https:\/\/www.sas-kabelservice.de\/index.php?rest_route=%2Fwp%2Fv2%2Fcomments&post=378"}],"version-history":[{"count":3,"href":"https:\/\/www.sas-kabelservice.de\/index.php?rest_route=\/wp\/v2\/pages\/378\/revisions"}],"predecessor-version":[{"id":405,"href":"https:\/\/www.sas-kabelservice.de\/index.php?rest_route=\/wp\/v2\/pages\/378\/revisions\/405"}],"wp:attachment":[{"href":"https:\/\/www.sas-kabelservice.de\/index.php?rest_route=%2Fwp%2Fv2%2Fmedia&parent=378"}],"curies":[{"name":"wp","href":"https:\/\/api.w.org\/{rel}","templated":true}]}}